{"id":149,"date":"2022-10-05T08:29:39","date_gmt":"2022-10-05T06:29:39","guid":{"rendered":"https:\/\/sustainall.eu\/?page_id=149"},"modified":"2022-11-14T13:36:09","modified_gmt":"2022-11-14T12:36:09","slug":"private-padagogische-hochschule-augustinum-pph-augustinum","status":"publish","type":"page","link":"https:\/\/sustainall.eu\/en\/partner\/private-padagogische-hochschule-augustinum-pph-augustinum\/","title":{"rendered":"PPH Augustinum"},"content":{"rendered":"<p>&nbsp;<br \/>\n<img loading=\"lazy\" decoding=\"async\" class=\"size-medium wp-image-99\" src=\"https:\/\/sustainall.eu\/wp-content\/uploads\/2022\/06\/PPH_Augustinum_HP_Logo_2021-e1655800714839-300x133.jpg\" alt=\"Logo der Privaten P\u00e4dagogischen Hochschule Augustinum\" width=\"300\" height=\"133\" \/><\/p>\n<p>Die Private P\u00e4dagogische Hochschule Augustinum (PPH Augustinum) bietet eine innovative und wertorientierte Lehrer\u00ad*nnenbildung auf hohem Niveau und mit besonderer Atmosph\u00e4re an. Unter dem Leitbild \u00abDas Kind in der Mitte\u00bb gibt es Curricula f\u00fcr Bachelorstudieng\u00e4nge der Elementar-, Primar- und Sekundarstufe sowie Angebote f\u00fcr Fort- und Weiterbildungen. Neben der Wertbezogenheit zeichnet diese Institution deren Offenheit f\u00fcr neue Entwicklungen aus, in deren Zentrum die Sicherung und Nachhaltigkeit von Bildungsprozessen steht.<\/p>\n<p>&nbsp;<\/p>\n<p>[gt3-gallery id=&#8220;203&#8243;]<\/p>\n<p>&nbsp;<\/p>\n","protected":false},"excerpt":{"rendered":"<p>&nbsp; Die Private P\u00e4dagogische Hochschule Augustinum (PPH Augustinum) bietet eine innovative und wertorientierte Lehrer\u00ad*nnenbildung auf hohem Niveau und mit besonderer Atmosph\u00e4re an. Unter dem Leitbild \u00abDas Kind in der Mitte\u00bb gibt es Curricula f\u00fcr Bachelorstudieng\u00e4nge der Elementar-, Primar- und Sekundarstufe sowie Angebote f\u00fcr Fort- und Weiterbildungen. Neben der Wertbezogenheit zeichnet diese Institution deren Offenheit f\u00fcr&hellip;&nbsp;<a href=\"https:\/\/sustainall.eu\/en\/partner\/private-padagogische-hochschule-augustinum-pph-augustinum\/\" rel=\"bookmark\">Read More &raquo;<span class=\"screen-reader-text\">PPH Augustinum<\/span><\/a><\/p>","protected":false},"author":1,"featured_media":0,"parent":26,"menu_order":0,"comment_status":"closed","ping_status":"closed","template":"","meta":{"neve_meta_sidebar":"","neve_meta_container":"","neve_meta_enable_content_width":"off","neve_meta_content_width":100,"neve_meta_title_alignment":"","neve_meta_author_avatar":"","neve_post_elements_order":"","neve_meta_disable_header":"","neve_meta_disable_footer":"","neve_meta_disable_title":"","_themeisle_gutenberg_block_has_review":false,"footnotes":""},"class_list":["post-149","page","type-page","status-publish","hentry"],"_links":{"self":[{"href":"https:\/\/sustainall.eu\/en\/wp-json\/wp\/v2\/pages\/149","targetHints":{"allow":["GET"]}}],"collection":[{"href":"https:\/\/sustainall.eu\/en\/wp-json\/wp\/v2\/pages"}],"about":[{"href":"https:\/\/sustainall.eu\/en\/wp-json\/wp\/v2\/types\/page"}],"author":[{"embeddable":true,"href":"https:\/\/sustainall.eu\/en\/wp-json\/wp\/v2\/users\/1"}],"replies":[{"embeddable":true,"href":"https:\/\/sustainall.eu\/en\/wp-json\/wp\/v2\/comments?post=149"}],"version-history":[{"count":13,"href":"https:\/\/sustainall.eu\/en\/wp-json\/wp\/v2\/pages\/149\/revisions"}],"predecessor-version":[{"id":244,"href":"https:\/\/sustainall.eu\/en\/wp-json\/wp\/v2\/pages\/149\/revisions\/244"}],"up":[{"embeddable":true,"href":"https:\/\/sustainall.eu\/en\/wp-json\/wp\/v2\/pages\/26"}],"wp:attachment":[{"href":"https:\/\/sustainall.eu\/en\/wp-json\/wp\/v2\/media?parent=149"}],"curies":[{"name":"wp","href":"https:\/\/api.w.org\/{rel}","templated":true}]}}