{"id":153,"date":"2022-10-05T08:32:46","date_gmt":"2022-10-05T06:32:46","guid":{"rendered":"https:\/\/sustainall.eu\/?page_id=153"},"modified":"2022-11-14T13:36:39","modified_gmt":"2022-11-14T12:36:39","slug":"padagogische-hochschule-ludwigsburg","status":"publish","type":"page","link":"https:\/\/sustainall.eu\/en\/partner\/padagogische-hochschule-ludwigsburg\/","title":{"rendered":"PH Ludwigsburg"},"content":{"rendered":"<p>&nbsp;<br \/>\n<img loading=\"lazy\" decoding=\"async\" class=\"alignnone size-medium wp-image-109\" src=\"https:\/\/sustainall.eu\/wp-content\/uploads\/2022\/06\/Logo_PH_Ludwigsburg.svg-300x116.png\" alt=\"Logo der PH Ludwigsburg\" width=\"300\" height=\"116\" srcset=\"https:\/\/sustainall.eu\/wp-content\/uploads\/2022\/06\/Logo_PH_Ludwigsburg.svg-300x116.png 300w, https:\/\/sustainall.eu\/wp-content\/uploads\/2022\/06\/Logo_PH_Ludwigsburg.svg-1024x396.png 1024w, https:\/\/sustainall.eu\/wp-content\/uploads\/2022\/06\/Logo_PH_Ludwigsburg.svg-768x297.png 768w, https:\/\/sustainall.eu\/wp-content\/uploads\/2022\/06\/Logo_PH_Ludwigsburg.svg-18x7.png 18w, https:\/\/sustainall.eu\/wp-content\/uploads\/2022\/06\/Logo_PH_Ludwigsburg.svg.png 1200w\" sizes=\"auto, (max-width: 300px) 100vw, 300px\" \/><\/p>\n<p>Die P\u00e4dagogische Hochschule Ludwigsburg hat rund 6.000 Studierende, von denen die meisten sich im Lehr\u00e4mter Grundschule, Sekundarstufe I, Europalehramt Sekundarstufe I, und Sonderp\u00e4dagogik ausbilden lassen. Die Institution versteht sich als modernes Kompetenzzentrum f\u00fcr Bildungswissenschaften in vier eng miteinander verkn\u00fcpften Bereichen: die gesamte schulische Bildung, die au\u00dferschulische Kinder-und Jugendbildung, die Erwachsenen- und Weiterbildung sowie Bildung im Kultur- und Sozialbereich. F\u00fcr die Berufliche Bildung bietet die PH Ludwigsburg einen M.S. an.<\/p>\n<p>Die PH Ludwigsburg wurde mehrmals f\u00fcr Entwicklungen und Forschungst\u00e4tigkeiten im Bereich Bildung f\u00fcr nachhaltige Entwicklung ausgezeichnet.<\/p>\n<p>&nbsp;<\/p>\n<p>[gt3-gallery id=&#8220;213&#8243;]<\/p>\n<p>&nbsp;<\/p>\n<p><strong>Projektpartner:<\/strong><\/p>\n<p>Galileo Grundschule in Stuttgart<br \/>\n<a href=\"https:\/\/www.galileo-grundschule.de\/grundschule\/\">https:\/\/www.galileo-grundschule.de\/grundschule\/<\/a><\/p>\n<p>Stromberg Gymnasium in Vahingen Enz<br \/>\n<a href=\"https:\/\/www.stromberg-gymnasium.de\/\">https:\/\/www.stromberg-gymnasium.de\/<\/a><\/p>\n","protected":false},"excerpt":{"rendered":"<p>&nbsp; Die P\u00e4dagogische Hochschule Ludwigsburg hat rund 6.000 Studierende, von denen die meisten sich im Lehr\u00e4mter Grundschule, Sekundarstufe I, Europalehramt Sekundarstufe I, und Sonderp\u00e4dagogik ausbilden lassen. Die Institution versteht sich als modernes Kompetenzzentrum f\u00fcr Bildungswissenschaften in vier eng miteinander verkn\u00fcpften Bereichen: die gesamte schulische Bildung, die au\u00dferschulische Kinder-und Jugendbildung, die Erwachsenen- und Weiterbildung sowie Bildung&hellip;&nbsp;<a href=\"https:\/\/sustainall.eu\/en\/partner\/padagogische-hochschule-ludwigsburg\/\" rel=\"bookmark\">Read More &raquo;<span class=\"screen-reader-text\">PH Ludwigsburg<\/span><\/a><\/p>","protected":false},"author":1,"featured_media":0,"parent":26,"menu_order":0,"comment_status":"closed","ping_status":"closed","template":"","meta":{"neve_meta_sidebar":"","neve_meta_container":"","neve_meta_enable_content_width":"off","neve_meta_content_width":100,"neve_meta_title_alignment":"","neve_meta_author_avatar":"","neve_post_elements_order":"","neve_meta_disable_header":"","neve_meta_disable_footer":"","neve_meta_disable_title":"","_themeisle_gutenberg_block_has_review":false,"footnotes":""},"class_list":["post-153","page","type-page","status-publish","hentry"],"_links":{"self":[{"href":"https:\/\/sustainall.eu\/en\/wp-json\/wp\/v2\/pages\/153","targetHints":{"allow":["GET"]}}],"collection":[{"href":"https:\/\/sustainall.eu\/en\/wp-json\/wp\/v2\/pages"}],"about":[{"href":"https:\/\/sustainall.eu\/en\/wp-json\/wp\/v2\/types\/page"}],"author":[{"embeddable":true,"href":"https:\/\/sustainall.eu\/en\/wp-json\/wp\/v2\/users\/1"}],"replies":[{"embeddable":true,"href":"https:\/\/sustainall.eu\/en\/wp-json\/wp\/v2\/comments?post=153"}],"version-history":[{"count":8,"href":"https:\/\/sustainall.eu\/en\/wp-json\/wp\/v2\/pages\/153\/revisions"}],"predecessor-version":[{"id":245,"href":"https:\/\/sustainall.eu\/en\/wp-json\/wp\/v2\/pages\/153\/revisions\/245"}],"up":[{"embeddable":true,"href":"https:\/\/sustainall.eu\/en\/wp-json\/wp\/v2\/pages\/26"}],"wp:attachment":[{"href":"https:\/\/sustainall.eu\/en\/wp-json\/wp\/v2\/media?parent=153"}],"curies":[{"name":"wp","href":"https:\/\/api.w.org\/{rel}","templated":true}]}}