{"id":505,"date":"2023-11-06T14:36:05","date_gmt":"2023-11-06T13:36:05","guid":{"rendered":"https:\/\/sustainall.eu\/?page_id=505"},"modified":"2024-05-08T15:48:57","modified_gmt":"2024-05-08T13:48:57","slug":"abschlusssymposium","status":"publish","type":"page","link":"https:\/\/sustainall.eu\/en\/projekt\/abschlusssymposium\/","title":{"rendered":"Final Conference"},"content":{"rendered":"<style>\/*! elementor - v3.21.0 - 30-04-2024 *\/\n.elementor-column .elementor-spacer-inner{height:var(--spacer-size)}.e-con{--container-widget-width:100%}.e-con-inner>.elementor-widget-spacer,.e-con>.elementor-widget-spacer{width:var(--container-widget-width,var(--spacer-size));--align-self:var(--container-widget-align-self,initial);--flex-shrink:0}.e-con-inner>.elementor-widget-spacer>.elementor-widget-container,.e-con>.elementor-widget-spacer>.elementor-widget-container{height:100%;width:100%}.e-con-inner>.elementor-widget-spacer>.elementor-widget-container>.elementor-spacer,.e-con>.elementor-widget-spacer>.elementor-widget-container>.elementor-spacer{height:100%}.e-con-inner>.elementor-widget-spacer>.elementor-widget-container>.elementor-spacer>.elementor-spacer-inner,.e-con>.elementor-widget-spacer>.elementor-widget-container>.elementor-spacer>.elementor-spacer-inner{height:var(--container-widget-height,var(--spacer-size))}.e-con-inner>.elementor-widget-spacer.elementor-widget-empty,.e-con>.elementor-widget-spacer.elementor-widget-empty{position:relative;min-height:22px;min-width:22px}.e-con-inner>.elementor-widget-spacer.elementor-widget-empty .elementor-widget-empty-icon,.e-con>.elementor-widget-spacer.elementor-widget-empty .elementor-widget-empty-icon{position:absolute;top:0;bottom:0;left:0;right:0;margin:auto;padding:0;width:22px;height:22px}<\/style>\n<style>\/*! elementor - v3.21.0 - 30-04-2024 *\/\n.elementor-heading-title{padding:0;margin:0;line-height:1}.elementor-widget-heading .elementor-heading-title[class*=elementor-size-]>a{color:inherit;font-size:inherit;line-height:inherit}.elementor-widget-heading .elementor-heading-title.elementor-size-small{font-size:15px}.elementor-widget-heading .elementor-heading-title.elementor-size-medium{font-size:19px}.elementor-widget-heading .elementor-heading-title.elementor-size-large{font-size:29px}.elementor-widget-heading .elementor-heading-title.elementor-size-xl{font-size:39px}.elementor-widget-heading .elementor-heading-title.elementor-size-xxl{font-size:59px}<\/style>\n<h2>SustainAll \u2013 <br \/>Symposium<\/h2>\n<h2>\n<h2 data-elementor-setting-key=\"title\" data-pen-placeholder=\"Type Here...\" style=\"font-size: 36px; font-weight: 800; font-family: Roboto, sans-serif; letter-spacing: normal; text-transform: none; color: rgb(0, 0, 0); text-align: center;\">Schule der Zukunft nachhaltig gestalten<\/h2>\n<h2 data-elementor-setting-key=\"title\" data-pen-placeholder=\"Type Here...\" style=\"font-size: 36px; font-weight: 800; font-family: Roboto, sans-serif; letter-spacing: normal; text-transform: none; color: rgb(0, 0, 0); text-align: center;\">4. \u2013 5. Oktober 2024<\/h2>\n<h2 data-elementor-setting-key=\"title\" data-pen-placeholder=\"Type Here...\" style=\"font-size: 36px; font-weight: 800; font-family: Roboto, sans-serif; letter-spacing: normal; text-transform: none; color: rgb(0, 0, 0); text-align: center;\">Universit\u00e4t Klagenfurt<\/h2>\n<\/h2>\n<p>Wie kann Bildung f\u00fcr nachhaltige Entwicklung in (Ganztags-) Schulen integriert werden? Das englischsprachige SustainALL-Symposium bietet Vortr\u00e4ge, erfolgreiche Praxis-Beispiele und eine Podiumsdiskussion, um diese Frage zu beantworten. Lernen Sie die SustainALL-Lehrer*innen und Wissenschaftler*innen bei der interaktiven Postersession kennen, probieren Sie Module aus und lassen Sie sich inspirieren, wie Sie Ihre Schule f\u00fcr eine nachhaltige Zukunft gestalten k\u00f6nnen.<\/p>\n<p><b>Zielgruppen:<\/b><\/p>\n<ul>\n<li aria-level=\"1\">Lehrer*innen<\/li>\n<li aria-level=\"1\">Schulleiter*innen<\/li>\n<li aria-level=\"1\">Bildungswissenschaftler*innen<\/li>\n<li aria-level=\"1\">Lehrende an Hochschulen<\/li>\n<li aria-level=\"1\">Studierende<\/li>\n<li aria-level=\"1\">Freizeitp\u00e4dagog*innen von Ganztagsschulen<\/li>\n<li aria-level=\"1\">Schulverwaltung<\/li>\n<li aria-level=\"1\">Policy makers<\/li>\n<\/ul>\n<p><b>Anmeldung:<\/b><\/p>\n<ul>\n<li aria-level=\"1\">Bitte melden Sie sich&nbsp;<a href=\"https:\/\/forms.office.com\/e\/BUkQuhViR9\">hier<\/a>&nbsp;an.<\/li>\n<li aria-level=\"1\">Anmeldung zur Fortbildungsveranstaltung f\u00fcr Lehrpersonen zus\u00e4tzlich \u00fcber<a href=\"https:\/\/www.ph-online.ac.at\/pph-augustinum\/ee\/ui\/ca2\/app\/desktop\/#\/slc.tm.cp\/student\/courses\/306961?$scrollTo=toc_overview\">&nbsp;PH-Online<\/a><\/li>\n<li aria-level=\"1\">Unterrichtseinheiten: 8<\/li>\n<li aria-level=\"1\">Kontakt: Prof. PhD. Mag. Christiana Glettler:&nbsp;<a href=\"mailto:christiana.glettler@pph-augustinum.at\">christiana.glettler@pph-augustinum.at<\/a><\/li>\n<li aria-level=\"1\">Unterkunft: Die Fortbildung inkludiert eine \u00dcbernachtung. Bitte buchen Sie ihr Zimmer selbst im <a href=\"https:\/\/all.accor.com\/ssr\/app\/ibis\/rates\/B3Y1\/index.de.shtml?compositions=1&amp;dateIn=2024-05-08&amp;nights=1&amp;destination=Klagenfurt,%20\u00d6sterreich\">Hotel Ibis<\/a>, unter dem Motto \u201eUNI Klagenfurt \/ SustainAll\u201c.<\/li>\n<li aria-level=\"1\">Location: Universit\u00e4t Klagenfurt, Universit\u00e4tsstra\u00dfe 65-67, 9020 Klagenfurt am W\u00f6rthersee, Raum<a href=\"https:\/\/campusplan.aau.at\/?campus=1&amp;q=O.0.01#map\">&nbsp;O.0.01 \u2013 Stiftungssaal<\/a><\/li>\n<\/ul>\n<h2>Programm<\/h2>\n<style>\/*! elementor - v3.21.0 - 30-04-2024 *\/\n.elementor-accordion{text-align:start}.elementor-accordion .elementor-accordion-item{border:1px solid #d5d8dc}.elementor-accordion .elementor-accordion-item+.elementor-accordion-item{border-top:none}.elementor-accordion .elementor-tab-title{margin:0;padding:15px 20px;font-weight:700;line-height:1;cursor:pointer;outline:none}.elementor-accordion .elementor-tab-title .elementor-accordion-icon{display:inline-block;width:1.5em}.elementor-accordion .elementor-tab-title .elementor-accordion-icon svg{width:1em;height:1em}.elementor-accordion .elementor-tab-title .elementor-accordion-icon.elementor-accordion-icon-right{float:right;text-align:right}.elementor-accordion .elementor-tab-title .elementor-accordion-icon.elementor-accordion-icon-left{float:left;text-align:left}.elementor-accordion .elementor-tab-title .elementor-accordion-icon .elementor-accordion-icon-closed{display:block}.elementor-accordion .elementor-tab-title .elementor-accordion-icon .elementor-accordion-icon-opened,.elementor-accordion .elementor-tab-title.elementor-active .elementor-accordion-icon-closed{display:none}.elementor-accordion .elementor-tab-title.elementor-active .elementor-accordion-icon-opened{display:block}.elementor-accordion .elementor-tab-content{display:none;padding:15px 20px;border-top:1px solid #d5d8dc}@media (max-width:767px){.elementor-accordion .elementor-tab-title{padding:12px 15px}.elementor-accordion .elementor-tab-title .elementor-accordion-icon{width:1.2em}.elementor-accordion .elementor-tab-content{padding:7px 15px}}.e-con-inner>.elementor-widget-accordion,.e-con>.elementor-widget-accordion{width:var(--container-widget-width);--flex-grow:var(--container-widget-flex-grow)}<\/style>\n<p>\t\t\t\t\t\t\t\t\t\t\t\t<a tabindex=\"0\">Freitag, 4. Oktober 2024<\/a><\/p>\n<p>13:00\u00a0 Registrierung<\/p>\n<p>14:00 \u00a0 Beginn<\/p>\n<ul>\n<li aria-level=\"1\">Lecture: \u201eESD and transformational Learning in all day schools\u201d<\/li>\n<li aria-level=\"1\">ESD findings form the partner countries (dialogue between school and science)<\/li>\n<li aria-level=\"1\">Poster Session and Inspirational Space of Modules<\/li>\n<\/ul>\n<p>21:30 \u00a0 Ende Tag 1<\/p>\n<p>\t\t\t\t\t\t\t\t\t\t\t\t<a tabindex=\"0\">Samstag, 5. Oktober 2024<\/a><\/p>\n<p>9:00 Beginn<\/p>\n<ul>\n<li aria-level=\"1\">Lecture \u201cDemocracy in schools\u201d<\/li>\n<li aria-level=\"1\">Try out a module!<\/li>\n<li aria-level=\"1\">Panel discussion<\/li>\n<\/ul>\n<p>13:00 \u00a0 Ende der Konferenz<\/p>\n<p>15:00 \u00a0 Post-Conference activities (optional):<\/p>\n<ul>\n<li aria-level=\"1\">Stadtf\u00fchrung Klagenfurt<\/li>\n<li aria-level=\"1\">F\u00fchrung durch das Landesmuseum K\u00e4rnten<\/li>\n<\/ul>\n","protected":false},"excerpt":{"rendered":"<p>SustainAll \u2013 Symposium Schule der Zukunft nachhaltig gestalten 4. \u2013 5. Oktober 2024 Universit\u00e4t Klagenfurt Wie kann Bildung f\u00fcr nachhaltige Entwicklung in (Ganztags-) Schulen integriert werden? Das englischsprachige SustainALL-Symposium bietet Vortr\u00e4ge, erfolgreiche Praxis-Beispiele und eine Podiumsdiskussion, um diese Frage zu beantworten. Lernen Sie die SustainALL-Lehrer*innen und Wissenschaftler*innen bei der interaktiven Postersession kennen, probieren Sie Module&hellip;&nbsp;<a href=\"https:\/\/sustainall.eu\/en\/projekt\/abschlusssymposium\/\" rel=\"bookmark\">Read More &raquo;<span class=\"screen-reader-text\">Final Conference<\/span><\/a><\/p>","protected":false},"author":11,"featured_media":0,"parent":24,"menu_order":0,"comment_status":"closed","ping_status":"closed","template":"","meta":{"neve_meta_sidebar":"","neve_meta_container":"","neve_meta_enable_content_width":"off","neve_meta_content_width":100,"neve_meta_title_alignment":"","neve_meta_author_avatar":"","neve_post_elements_order":"","neve_meta_disable_header":"","neve_meta_disable_footer":"","neve_meta_disable_title":"","_themeisle_gutenberg_block_has_review":false,"footnotes":""},"class_list":["post-505","page","type-page","status-publish","hentry"],"_links":{"self":[{"href":"https:\/\/sustainall.eu\/en\/wp-json\/wp\/v2\/pages\/505","targetHints":{"allow":["GET"]}}],"collection":[{"href":"https:\/\/sustainall.eu\/en\/wp-json\/wp\/v2\/pages"}],"about":[{"href":"https:\/\/sustainall.eu\/en\/wp-json\/wp\/v2\/types\/page"}],"author":[{"embeddable":true,"href":"https:\/\/sustainall.eu\/en\/wp-json\/wp\/v2\/users\/11"}],"replies":[{"embeddable":true,"href":"https:\/\/sustainall.eu\/en\/wp-json\/wp\/v2\/comments?post=505"}],"version-history":[{"count":65,"href":"https:\/\/sustainall.eu\/en\/wp-json\/wp\/v2\/pages\/505\/revisions"}],"predecessor-version":[{"id":680,"href":"https:\/\/sustainall.eu\/en\/wp-json\/wp\/v2\/pages\/505\/revisions\/680"}],"up":[{"embeddable":true,"href":"https:\/\/sustainall.eu\/en\/wp-json\/wp\/v2\/pages\/24"}],"wp:attachment":[{"href":"https:\/\/sustainall.eu\/en\/wp-json\/wp\/v2\/media?parent=505"}],"curies":[{"name":"wp","href":"https:\/\/api.w.org\/{rel}","templated":true}]}}